{"id":99,"date":"2024-01-05T11:13:47","date_gmt":"2024-01-05T10:13:47","guid":{"rendered":"https:\/\/karinebonnemaison-ccf.com\/?page_id=99"},"modified":"2024-12-12T16:28:38","modified_gmt":"2024-12-12T15:28:38","slug":"mentions-legales-et-cgv","status":"publish","type":"page","link":"https:\/\/karinebonnemaison-ccf.com\/index.php\/mentions-legales-et-cgv\/","title":{"rendered":"Mentions L\u00e9gales et CGV"},"content":{"rendered":"\n<p><strong>Article 1 \u2013 Mentions l\u00e9gales<\/strong><br>Conseil Conjugal et Familial<br>Karine BONNEMAISON<br>07 78 52 56 33<br>SIRET : 95358491900013<br>karine.bonnemaison@protonmail.com<br><a href=\"https:\/\/www.karinebonnemaison-ccf.com\">https:\/\/www.karinebonnemaison-ccf.com<\/a><\/p>\n\n\n\n<p>Site internet h\u00e9berg\u00e9 par OVH. CMS&nbsp;: WordPress<strong>.<\/strong><\/p>\n\n\n\n<p><strong>Article 2 \u2013 Objectif de travail<\/strong><br>La formulation pr\u00e9cise de l\u2019objectif de travail des s\u00e9ances sera la premi\u00e8re action que le\/la B\u00e9n\u00e9ficiaire et la Conseill\u00e8re se fixeront.<\/p>\n\n\n\n<p><strong>Article 3 \u2013 Modalit\u00e9s pratiques<\/strong><br>Un accompagnement comporte des s\u00e9ances d\u2019accompagnement d\u2019une dur\u00e9e de 50min que la Conseill\u00e8re peut prolonger de 10 minutes au maximum, si n\u00e9cessaire.<\/p>\n\n\n\n<p><strong>Article 4 \u2013 Modalit\u00e9s financi\u00e8res<\/strong><br>Le tarif des prestations de Conseill\u00e8re Conjugale et Familiale s\u2019\u00e9l\u00e8ve \u00e0 70 \u20ac TTC par s\u00e9ance de 50 minutes quelle que soit la nature de l\u2019entretien et le nombre de personnes pr\u00e9sentes. La TVA est non applicable sur les s\u00e9ances de Conseil Conjugal et Familial \u2013 Article 293 B du Code G\u00e9n\u00e9ral des Imp\u00f4ts.<\/p>\n\n\n\n<p>Le tarif des prestations d\u2019Animation Collective d\u00e9pend du nombre d\u2019heures n\u00e9cessaires \u00e0 la pr\u00e9paration et \u00e0 la mise en \u0153uvre de l\u2019animation, ainsi que des \u00e9ventuels frais de d\u00e9placement. Toute demande d\u2019animation collective fait l\u2019objet de l\u2019\u00e9mission d\u2019un devis personnalis\u00e9. La TVA est non applicable sur les prestations d\u2019Animation Collective \u2013 Article 293 B du Code G\u00e9n\u00e9ral des Imp\u00f4ts.<\/p>\n\n\n\n<p><strong>Article 5 \u2013 Confidentialit\u00e9<\/strong><br>Les contenus et r\u00e9sultats personnels des s\u00e9ances de Conseil Conjugal et Familial appartiennent exclusivement au B\u00e9n\u00e9ficiaire. La Conseill\u00e8re s\u2019engage \u00e0 ne pas transmettre \u00e0 des tiers les informations port\u00e9es \u00e0 sa connaissance sans accord \u00e9crit pr\u00e9alable, ou injonction l\u00e9gale de justice.<\/p>\n\n\n\n<p><strong>Article 6 \u2013 Les devoirs du b\u00e9n\u00e9ficiaire vis-\u00e0-vis de la Conseill\u00e8re<\/strong><br>Le\/la B\u00e9n\u00e9ficiaire est responsable de son engagement personnel dans cette d\u00e9marche ainsi que de sa disponibilit\u00e9 pour sa mise en \u0153uvre. Le\/la B\u00e9n\u00e9ficiaire accepte d\u2019\u00eatre ponctuel aux rendez-vous pris avec la Conseill\u00e8re. En cas de retard qui lui est imputable et qui est inf\u00e9rieur \u00e0 trente minutes, la s\u00e9ance de travail en est d\u2019autant \u00e9court\u00e9e. En cas de retard qui lui est imputable et qui est sup\u00e9rieur \u00e0 trente minutes, elle est annul\u00e9e et factur\u00e9e sans possibilit\u00e9 de report. En cas de report du rendez-vous, le\/la b\u00e9n\u00e9ficiaire en informe la Conseill\u00e8re au minimum 24 heures \u00e0 l\u2019avance. \u00c0 d\u00e9faut, l\u2019entretien est consid\u00e9r\u00e9 comme r\u00e9alis\u00e9 et factur\u00e9 sans possibilit\u00e9 de report.<\/p>\n\n\n\n<p><strong>Article 7 \u2013 Les devoirs de la Conseill\u00e8re vis-\u00e0-vis du b\u00e9n\u00e9ficiaire<\/strong><br>Consciente de sa position, la Conseill\u00e8re s\u2019interdit d\u2019exercer tout abus d\u2019influence. La Conseill\u00e8re est soumise au secret professionnel. En tant que membre de l&rsquo;ANCCEF, la Conseill\u00e8re respecte sa charte d\u00e9ontologique (disponible sur <a href=\"https:\/\/www.anccef.fr\/la-vie-de-l-anccef\/actualite-de-lanccef\/a-la-une-cette-semaine\/telechargez-la-charte-deontologique-des-conseillers-conjugaux-et-familiaux\">https:\/\/www.anccef.fr\/la-vie-de-l-anccef\/actualite-de-lanccef\/a-la-une-cette-semaine\/telechargez-la-charte-deontologique-des-conseillers-conjugaux-et-familiaux<\/a> ). En cas de retard ou d\u2019annulation imputable \u00e0 la Conseill\u00e8re le rendez-vous est annul\u00e9 et int\u00e9gralement rembours\u00e9 au b\u00e9n\u00e9ficiaire.<\/p>\n\n\n\n<p><\/p>\n\n\n\n<p><strong>Article 8 \u2013 Litige et m\u00e9diation de la consommation<\/strong><\/p>\n\n\n\n<p>En cas de litige entre le Client et l\u2019entreprise, ceux-ci s\u2019efforceront de le r\u00e9soudre \u00e0 l\u2019amiable (le Client adressera une r\u00e9clamation \u00e9crite aupr\u00e8s du professionnel ou, le cas \u00e9ch\u00e9ant, aupr\u00e8s du Service Relations Client\u00e8le du professionnel).<br>A d\u00e9faut d\u2019accord amiable ou en l\u2019absence de r\u00e9ponse du professionnel dans un d\u00e9lai raisonnable d\u2019un (1) mois, le Client consommateur au sens de l\u2019article L.133-4 du code de la consommation a la possibilit\u00e9 de saisir gratuitement, si un d\u00e9saccord subsiste, le m\u00e9diateur comp\u00e9tent inscrit sur la liste des m\u00e9diateurs \u00e9tablie par la Commission d\u2019\u00e9valuation et de contr\u00f4le de la m\u00e9diation de la consommation en application de l\u2019article L.615-1 du code de la consommation, \u00e0 savoir :<em><br>La Soci\u00e9t\u00e9 M\u00e9diation Professionnelle<br>www.mediateur-consommation-smp.fr<br>Alteritae 5 rue Salvaing 12000 Rodez<\/em><\/p>\n\n\n\n<div class=\"wp-block-group\"><div class=\"wp-block-group__inner-container is-layout-constrained wp-block-group-is-layout-constrained\">\n<div class=\"wp-block-group\"><div class=\"wp-block-group__inner-container is-layout-constrained wp-block-group-is-layout-constrained\"><\/div><\/div>\n<\/div><\/div>\n\n\n\n<p><\/p>\n\n\n\n<p><\/p>\n","protected":false},"excerpt":{"rendered":"<p>Article 1 \u2013 Mentions l\u00e9galesConseil Conjugal et FamilialKarine BONNEMAISON07 78 52 56 33SIRET : 95358491900013karine.bonnemaison@protonmail.comhttps:\/\/www.karinebonnemaison-ccf.com Site internet h\u00e9berg\u00e9 par OVH. CMS&nbsp;: WordPress. Article 2 \u2013 &hellip;<\/p>\n","protected":false},"author":1,"featured_media":0,"parent":0,"menu_order":0,"comment_status":"closed","ping_status":"closed","template":"","meta":{"footnotes":""},"class_list":["post-99","page","type-page","status-publish","hentry"],"_links":{"self":[{"href":"https:\/\/karinebonnemaison-ccf.com\/index.php\/wp-json\/wp\/v2\/pages\/99","targetHints":{"allow":["GET"]}}],"collection":[{"href":"https:\/\/karinebonnemaison-ccf.com\/index.php\/wp-json\/wp\/v2\/pages"}],"about":[{"href":"https:\/\/karinebonnemaison-ccf.com\/index.php\/wp-json\/wp\/v2\/types\/page"}],"author":[{"embeddable":true,"href":"https:\/\/karinebonnemaison-ccf.com\/index.php\/wp-json\/wp\/v2\/users\/1"}],"replies":[{"embeddable":true,"href":"https:\/\/karinebonnemaison-ccf.com\/index.php\/wp-json\/wp\/v2\/comments?post=99"}],"version-history":[{"count":7,"href":"https:\/\/karinebonnemaison-ccf.com\/index.php\/wp-json\/wp\/v2\/pages\/99\/revisions"}],"predecessor-version":[{"id":224,"href":"https:\/\/karinebonnemaison-ccf.com\/index.php\/wp-json\/wp\/v2\/pages\/99\/revisions\/224"}],"wp:attachment":[{"href":"https:\/\/karinebonnemaison-ccf.com\/index.php\/wp-json\/wp\/v2\/media?parent=99"}],"curies":[{"name":"wp","href":"https:\/\/api.w.org\/{rel}","templated":true}]}}