{"id":22,"date":"2024-01-03T16:13:13","date_gmt":"2024-01-03T15:13:13","guid":{"rendered":"http:\/\/karinebonnemaison-ccf.com\/index.php\/portfolio\/"},"modified":"2024-04-26T16:54:30","modified_gmt":"2024-04-26T14:54:30","slug":"contact","status":"publish","type":"page","link":"https:\/\/karinebonnemaison-ccf.com\/index.php\/contact\/","title":{"rendered":"Contact"},"content":{"rendered":"\n<div class=\"wp-block-group is-vertical is-content-justification-center is-layout-flex wp-container-core-group-is-layout-4b2eccd6 wp-block-group-is-layout-flex\">\n<figure class=\"wp-block-image size-large is-resized\"><img loading=\"lazy\" decoding=\"async\" width=\"1024\" height=\"683\" src=\"https:\/\/karinebonnemaison-ccf.com\/wp-content\/uploads\/2024\/01\/image-contact-site-pro-social-media-2786261_1920-2-1024x683.jpg\" alt=\"\" class=\"wp-image-159\" style=\"width:346px;height:auto\" srcset=\"https:\/\/karinebonnemaison-ccf.com\/wp-content\/uploads\/2024\/01\/image-contact-site-pro-social-media-2786261_1920-2-1024x683.jpg 1024w, https:\/\/karinebonnemaison-ccf.com\/wp-content\/uploads\/2024\/01\/image-contact-site-pro-social-media-2786261_1920-2-300x200.jpg 300w, https:\/\/karinebonnemaison-ccf.com\/wp-content\/uploads\/2024\/01\/image-contact-site-pro-social-media-2786261_1920-2-768x512.jpg 768w, https:\/\/karinebonnemaison-ccf.com\/wp-content\/uploads\/2024\/01\/image-contact-site-pro-social-media-2786261_1920-2-1536x1024.jpg 1536w, https:\/\/karinebonnemaison-ccf.com\/wp-content\/uploads\/2024\/01\/image-contact-site-pro-social-media-2786261_1920-2-421x281.jpg 421w, https:\/\/karinebonnemaison-ccf.com\/wp-content\/uploads\/2024\/01\/image-contact-site-pro-social-media-2786261_1920-2.jpg 1920w\" sizes=\"auto, (max-width: 1024px) 100vw, 1024px\" \/><\/figure>\n\n\n\n<h2 class=\"wp-block-heading\">Contact et Prise de RDV <\/h2>\n\n\n\n<h3 class=\"wp-block-heading\">07.78.52.56.33<\/h3>\n\n\n\n<h4 class=\"wp-block-heading\">karine.bonnemaison@protonmail.com<\/h4>\n<\/div>\n\n\n\n<p><\/p>\n\n\n\n<p><\/p>\n\n\n\n<p class=\"has-text-align-center\"><em>Si je ne r\u00e9ponds pas au t\u00e9l\u00e9phone, laissez-moi un message avec vos coordonn\u00e9es et je vous rappellerai. Vous pouvez aussi me contacter par SMS.<\/em><\/p>\n","protected":false},"excerpt":{"rendered":"<p>Contact et Prise de RDV 07.78.52.56.33 karine.bonnemaison@protonmail.com Si je ne r\u00e9ponds pas au t\u00e9l\u00e9phone, laissez-moi un message avec vos coordonn\u00e9es et je vous rappellerai. Vous &hellip;<\/p>\n","protected":false},"author":1,"featured_media":0,"parent":0,"menu_order":0,"comment_status":"closed","ping_status":"closed","template":"","meta":{"footnotes":""},"class_list":["post-22","page","type-page","status-publish","hentry"],"_links":{"self":[{"href":"https:\/\/karinebonnemaison-ccf.com\/index.php\/wp-json\/wp\/v2\/pages\/22","targetHints":{"allow":["GET"]}}],"collection":[{"href":"https:\/\/karinebonnemaison-ccf.com\/index.php\/wp-json\/wp\/v2\/pages"}],"about":[{"href":"https:\/\/karinebonnemaison-ccf.com\/index.php\/wp-json\/wp\/v2\/types\/page"}],"author":[{"embeddable":true,"href":"https:\/\/karinebonnemaison-ccf.com\/index.php\/wp-json\/wp\/v2\/users\/1"}],"replies":[{"embeddable":true,"href":"https:\/\/karinebonnemaison-ccf.com\/index.php\/wp-json\/wp\/v2\/comments?post=22"}],"version-history":[{"count":21,"href":"https:\/\/karinebonnemaison-ccf.com\/index.php\/wp-json\/wp\/v2\/pages\/22\/revisions"}],"predecessor-version":[{"id":211,"href":"https:\/\/karinebonnemaison-ccf.com\/index.php\/wp-json\/wp\/v2\/pages\/22\/revisions\/211"}],"wp:attachment":[{"href":"https:\/\/karinebonnemaison-ccf.com\/index.php\/wp-json\/wp\/v2\/media?parent=22"}],"curies":[{"name":"wp","href":"https:\/\/api.w.org\/{rel}","templated":true}]}}