{"id":20,"date":"2024-01-03T16:13:13","date_gmt":"2024-01-03T15:13:13","guid":{"rendered":"http:\/\/karinebonnemaison-ccf.com\/index.php\/blog\/"},"modified":"2024-04-26T16:57:09","modified_gmt":"2024-04-26T14:57:09","slug":"conseil-conjugal-et-familial","status":"publish","type":"page","link":"https:\/\/karinebonnemaison-ccf.com\/index.php\/conseil-conjugal-et-familial\/","title":{"rendered":"Conseil Conjugal et Familial"},"content":{"rendered":"\n<p><\/p>\n\n\n\n<h1 class=\"wp-block-heading has-headings-color has-sitebg-background-color has-text-color has-background has-link-color has-normal-font-size wp-elements-6a70bc583a4899cc282ccb107605534a\">Conseil Conjugal et Familial<\/h1>\n\n\n\n<p class=\"has-headings-color has-sitebg-background-color has-text-color has-background has-link-color has-normal-font-size wp-elements-919d42c71909b80382ae61f46aa71de5\"><strong>C&rsquo;est quoi ? <\/strong> Le Conseil Conjugal et Familial est un accompagnement qui propose un espace d&rsquo;accueil et d&rsquo;\u00e9coute. C&rsquo;est un moment o\u00f9 l&rsquo;on peut d\u00e9poser sa souffrance, ses \u00e9motions, ses peurs, ses besoins, ses attentes&#8230; Le r\u00f4le de la conseill\u00e8re conjugale est d&rsquo;aider \u00e0 comprendre ce qu&rsquo;il se passe dans la relation, \u00e0 mettre des mots sur ce qui ne peut \u00eatre dit, \u00e0 cheminer vers une sortie de crise. <\/p>\n\n\n\n<p class=\"has-headings-color has-sitebg-background-color has-text-color has-background has-link-color has-normal-font-size wp-elements-90dfa200f695988aba1c78f28bc9756a\"><strong>Pour qui ?<\/strong> Pour toute personne qui traverse des difficult\u00e9s ou des questionnements dans sa vie affective, relationnelle ou sexuelle. Seul(e), en couple ou en famille, adolescents, jeunes adultes ou moins jeunes, il n&rsquo;y a pas d&rsquo;\u00e2ge ni de situation type. <\/p>\n\n\n\n<p class=\"has-headings-color has-sitebg-background-color has-text-color has-background has-link-color has-normal-font-size wp-elements-d1174ed41e4c66b18c5c0a70f2a5af27\"><strong>Pour quoi ?<\/strong> A chaque \u00e9tape de la vie : ado ou jeune qui s&rsquo;interroge sur la vie amoureuse ou la sexualit\u00e9, adulte qui souhaite se pr\u00e9parer \u00e0 la vie de couple, d\u00e9sir d&rsquo;enfant, infertilit\u00e9, difficult\u00e9s sexuelles, probl\u00e8mes de communication, conflits, relation extraconjugale, naissance ou d\u00e9part des enfants, s\u00e9paration, retraite, famille en relations conflictuelles, etc.<\/p>\n\n\n<div class=\"wp-block-image\">\n<figure class=\"aligncenter size-large is-resized\"><img loading=\"lazy\" decoding=\"async\" width=\"1024\" height=\"683\" src=\"http:\/\/karinebonnemaison-ccf.com\/wp-content\/uploads\/2024\/01\/hands-5216585_1920-1024x683.jpg\" alt=\"\" class=\"wp-image-37\" style=\"width:376px;height:auto\" srcset=\"https:\/\/karinebonnemaison-ccf.com\/wp-content\/uploads\/2024\/01\/hands-5216585_1920-1024x683.jpg 1024w, https:\/\/karinebonnemaison-ccf.com\/wp-content\/uploads\/2024\/01\/hands-5216585_1920-300x200.jpg 300w, https:\/\/karinebonnemaison-ccf.com\/wp-content\/uploads\/2024\/01\/hands-5216585_1920-768x512.jpg 768w, https:\/\/karinebonnemaison-ccf.com\/wp-content\/uploads\/2024\/01\/hands-5216585_1920-1536x1024.jpg 1536w, https:\/\/karinebonnemaison-ccf.com\/wp-content\/uploads\/2024\/01\/hands-5216585_1920-421x281.jpg 421w, https:\/\/karinebonnemaison-ccf.com\/wp-content\/uploads\/2024\/01\/hands-5216585_1920.jpg 1920w\" sizes=\"auto, (max-width: 1024px) 100vw, 1024px\" \/><\/figure>\n<\/div>","protected":false},"excerpt":{"rendered":"<p>Conseil Conjugal et Familial C&rsquo;est quoi ? Le Conseil Conjugal et Familial est un accompagnement qui propose un espace d&rsquo;accueil et d&rsquo;\u00e9coute. C&rsquo;est un moment &hellip;<\/p>\n","protected":false},"author":1,"featured_media":0,"parent":0,"menu_order":0,"comment_status":"closed","ping_status":"closed","template":"","meta":{"footnotes":""},"class_list":["post-20","page","type-page","status-publish","hentry"],"_links":{"self":[{"href":"https:\/\/karinebonnemaison-ccf.com\/index.php\/wp-json\/wp\/v2\/pages\/20","targetHints":{"allow":["GET"]}}],"collection":[{"href":"https:\/\/karinebonnemaison-ccf.com\/index.php\/wp-json\/wp\/v2\/pages"}],"about":[{"href":"https:\/\/karinebonnemaison-ccf.com\/index.php\/wp-json\/wp\/v2\/types\/page"}],"author":[{"embeddable":true,"href":"https:\/\/karinebonnemaison-ccf.com\/index.php\/wp-json\/wp\/v2\/users\/1"}],"replies":[{"embeddable":true,"href":"https:\/\/karinebonnemaison-ccf.com\/index.php\/wp-json\/wp\/v2\/comments?post=20"}],"version-history":[{"count":12,"href":"https:\/\/karinebonnemaison-ccf.com\/index.php\/wp-json\/wp\/v2\/pages\/20\/revisions"}],"predecessor-version":[{"id":213,"href":"https:\/\/karinebonnemaison-ccf.com\/index.php\/wp-json\/wp\/v2\/pages\/20\/revisions\/213"}],"wp:attachment":[{"href":"https:\/\/karinebonnemaison-ccf.com\/index.php\/wp-json\/wp\/v2\/media?parent=20"}],"curies":[{"name":"wp","href":"https:\/\/api.w.org\/{rel}","templated":true}]}}