{"id":2,"date":"2024-01-03T16:02:25","date_gmt":"2024-01-03T15:02:25","guid":{"rendered":"http:\/\/karinebonnemaison-ccf.com\/?page_id=2"},"modified":"2024-04-26T16:58:20","modified_gmt":"2024-04-26T14:58:20","slug":"informations-pratiques","status":"publish","type":"page","link":"https:\/\/karinebonnemaison-ccf.com\/index.php\/informations-pratiques\/","title":{"rendered":"Informations pratiques"},"content":{"rendered":"\n<h2 class=\"wp-block-heading\">TARIFS<\/h2>\n\n\n<div class=\"wp-block-image\">\n<figure class=\"aligncenter size-full is-resized\"><img loading=\"lazy\" decoding=\"async\" width=\"1492\" height=\"352\" src=\"https:\/\/karinebonnemaison-ccf.com\/wp-content\/uploads\/2024\/01\/image-blocs-tarifs-Capture-decran-2024-01-05-140353.png\" alt=\"\" class=\"wp-image-143\" style=\"width:521px;height:auto\" srcset=\"https:\/\/karinebonnemaison-ccf.com\/wp-content\/uploads\/2024\/01\/image-blocs-tarifs-Capture-decran-2024-01-05-140353.png 1492w, https:\/\/karinebonnemaison-ccf.com\/wp-content\/uploads\/2024\/01\/image-blocs-tarifs-Capture-decran-2024-01-05-140353-300x71.png 300w, https:\/\/karinebonnemaison-ccf.com\/wp-content\/uploads\/2024\/01\/image-blocs-tarifs-Capture-decran-2024-01-05-140353-1024x242.png 1024w, https:\/\/karinebonnemaison-ccf.com\/wp-content\/uploads\/2024\/01\/image-blocs-tarifs-Capture-decran-2024-01-05-140353-768x181.png 768w, https:\/\/karinebonnemaison-ccf.com\/wp-content\/uploads\/2024\/01\/image-blocs-tarifs-Capture-decran-2024-01-05-140353-421x99.png 421w\" sizes=\"auto, (max-width: 1492px) 100vw, 1492px\" \/><\/figure>\n<\/div>\n\n\n<hr class=\"wp-block-separator has-alpha-channel-opacity is-style-wide\"\/>\n\n\n\n<p><\/p>\n\n\n\n<p><strong>Conseils pour une visio dans de bonnes conditions&nbsp;:<\/strong><\/p>\n\n\n\n<ul class=\"wp-block-list\">\n<li>\u00catre dans un environnement calme<\/li>\n\n\n\n<li>S\u2019assurer de ne pas \u00eatre d\u00e9rang\u00e9 (fermer la porte, occuper les enfants ailleurs\u2026)<\/li>\n\n\n\n<li>Avoir une bonne connexion Internet<\/li>\n\n\n\n<li>Si possible, se connecter 2min avant l\u2019heure pour pallier \u00e0 tout probl\u00e8me technique<\/li>\n<\/ul>\n\n\n\n<p><\/p>\n\n\n\n<h2 class=\"wp-block-heading\">Engagements<\/h2>\n\n\n\n<hr class=\"wp-block-separator has-alpha-channel-opacity is-style-wide\"\/>\n\n\n\n<ul class=\"wp-block-list\">\n<li><\/li>\n<\/ul>\n\n\n\n<figure class=\"wp-block-table aligncenter\"><table><tbody><tr><td>   <strong>ENGAGEMENT DES PERSONNES<\/strong><\/td><td><strong>ENGAGEMENT CONSEILL\u00c8RE<\/strong><\/td><\/tr><tr><td>Chaque personne a la <strong>responsabilit\u00e9 de son engagement personnel<\/strong> et de sa disponibilit\u00e9 dans la d\u00e9marche<br> &nbsp; <br>   <strong>Respect de l\u2019horaire<\/strong> <br>               Si retard inf\u00e9rieur \u00e0 30 min&nbsp;: s\u00e9ance \u00e9court\u00e9e d\u2019autant <br>               Si retard sup\u00e9rieur \u00e0 30 min&nbsp;: s\u00e9ance annul\u00e9e et factur\u00e9e   <br>               En cas de report du RDV&nbsp;: pr\u00e9venir minimum 24h \u00e0     <br>               l\u2019avance. \u00c0 d\u00e9faut, s\u00e9ance factur\u00e9e.<br><\/td><td>Ponctualit\u00e9 <br>Confidentialit\u00e9 <br>Neutralit\u00e9 et non jugement <br>Bienveillance <br>Respect des croyances et valeurs &nbsp;<\/td><\/tr><\/tbody><\/table><\/figure>\n","protected":false},"excerpt":{"rendered":"<p>TARIFS Conseils pour une visio dans de bonnes conditions&nbsp;: Engagements ENGAGEMENT DES PERSONNES ENGAGEMENT CONSEILL\u00c8RE Chaque personne a la responsabilit\u00e9 de son engagement personnel et &hellip;<\/p>\n","protected":false},"author":1,"featured_media":0,"parent":0,"menu_order":0,"comment_status":"closed","ping_status":"open","template":"","meta":{"footnotes":""},"class_list":["post-2","page","type-page","status-publish","hentry"],"_links":{"self":[{"href":"https:\/\/karinebonnemaison-ccf.com\/index.php\/wp-json\/wp\/v2\/pages\/2","targetHints":{"allow":["GET"]}}],"collection":[{"href":"https:\/\/karinebonnemaison-ccf.com\/index.php\/wp-json\/wp\/v2\/pages"}],"about":[{"href":"https:\/\/karinebonnemaison-ccf.com\/index.php\/wp-json\/wp\/v2\/types\/page"}],"author":[{"embeddable":true,"href":"https:\/\/karinebonnemaison-ccf.com\/index.php\/wp-json\/wp\/v2\/users\/1"}],"replies":[{"embeddable":true,"href":"https:\/\/karinebonnemaison-ccf.com\/index.php\/wp-json\/wp\/v2\/comments?post=2"}],"version-history":[{"count":32,"href":"https:\/\/karinebonnemaison-ccf.com\/index.php\/wp-json\/wp\/v2\/pages\/2\/revisions"}],"predecessor-version":[{"id":214,"href":"https:\/\/karinebonnemaison-ccf.com\/index.php\/wp-json\/wp\/v2\/pages\/2\/revisions\/214"}],"wp:attachment":[{"href":"https:\/\/karinebonnemaison-ccf.com\/index.php\/wp-json\/wp\/v2\/media?parent=2"}],"curies":[{"name":"wp","href":"https:\/\/api.w.org\/{rel}","templated":true}]}}